{"id":988,"date":"2025-03-04T22:27:34","date_gmt":"2025-03-04T22:27:34","guid":{"rendered":"https:\/\/katakania.art\/?page_id=988"},"modified":"2025-03-04T22:27:34","modified_gmt":"2025-03-04T22:27:34","slug":"kontakt","status":"publish","type":"page","link":"https:\/\/katakania.art\/index.php\/kontakt\/","title":{"rendered":"KONTAKT"},"content":{"rendered":"\n<p>Je\u015bli jeste\u015b zainteresowany wsp\u00f3\u0142prac\u0105 ze mn\u0105, masz pytanie lub pomys\u0142 kt\u00f3ry chcia\u0142by\u015b ze mn\u0105 om\u00f3wi\u0107 to zapraszam ci\u0119 do kontaktu via e-mail:<\/p>\n\n\n\n<p>kkatakania@gmail.com<\/p>\n\n\n\n<p><\/p>\n","protected":false},"excerpt":{"rendered":"<p>Je\u015bli jeste\u015b zainteresowany wsp\u00f3\u0142prac\u0105 ze mn\u0105, masz pytanie lub pomys\u0142 kt\u00f3ry chcia\u0142by\u015b ze mn\u0105 om\u00f3wi\u0107 to zapraszam ci\u0119 do kontaktu via e-mail: kkatakania@gmail.com<\/p>\n","protected":false},"author":1,"featured_media":0,"parent":0,"menu_order":0,"comment_status":"closed","ping_status":"closed","template":"","meta":{"footnotes":""},"class_list":["post-988","page","type-page","status-publish","hentry"],"_links":{"self":[{"href":"https:\/\/katakania.art\/index.php\/wp-json\/wp\/v2\/pages\/988","targetHints":{"allow":["GET"]}}],"collection":[{"href":"https:\/\/katakania.art\/index.php\/wp-json\/wp\/v2\/pages"}],"about":[{"href":"https:\/\/katakania.art\/index.php\/wp-json\/wp\/v2\/types\/page"}],"author":[{"embeddable":true,"href":"https:\/\/katakania.art\/index.php\/wp-json\/wp\/v2\/users\/1"}],"replies":[{"embeddable":true,"href":"https:\/\/katakania.art\/index.php\/wp-json\/wp\/v2\/comments?post=988"}],"version-history":[{"count":1,"href":"https:\/\/katakania.art\/index.php\/wp-json\/wp\/v2\/pages\/988\/revisions"}],"predecessor-version":[{"id":989,"href":"https:\/\/katakania.art\/index.php\/wp-json\/wp\/v2\/pages\/988\/revisions\/989"}],"wp:attachment":[{"href":"https:\/\/katakania.art\/index.php\/wp-json\/wp\/v2\/media?parent=988"}],"curies":[{"name":"wp","href":"https:\/\/api.w.org\/{rel}","templated":true}]}}